{"id":1311,"date":"2020-07-27T14:47:39","date_gmt":"2020-07-27T12:47:39","guid":{"rendered":"https:\/\/austrian-fraeulein.com\/home\/"},"modified":"2021-11-03T18:13:14","modified_gmt":"2021-11-03T17:13:14","slug":"home","status":"publish","type":"page","link":"https:\/\/austrian-fraeulein.com\/de\/","title":{"rendered":"Home DE"},"content":{"rendered":"<p>[et_pb_section fb_built=&#8220;1&#8243; fullwidth=&#8220;on&#8220; _builder_version=&#8220;4.4.2&#8243; background_enable_image=&#8220;off&#8220; background_enable_video_mp4=&#8220;off&#8220; background_enable_video_webm=&#8220;off&#8220; custom_margin=&#8220;0px||0px||false|false&#8220; custom_padding=&#8220;0px||0px||false|false&#8220; custom_padding_tablet=&#8220;10%||10%|&#8220; transparent_background=&#8220;off&#8220;][et_pb_fullwidth_header text_orientation=&#8220;center&#8220; title_font_color=&#8220;#ffffff&#8220; subhead_font_color=&#8220;#ffffff&#8220; _builder_version=&#8220;4.6.5&#8243; title_font=&#8220;Playfair Display||||&#8220; title_text_color=&#8220;#ffffff&#8220; title_font_size=&#8220;90px&#8220; content_font=&#8220;Playfair Display||||||||&#8220; content_font_size=&#8220;90px&#8220; content_line_height=&#8220;1em&#8220; subhead_font=&#8220;Lato|||on|&#8220; subhead_text_color=&#8220;#ffffff&#8220; subhead_font_size=&#8220;14px&#8220; background_enable_color=&#8220;off&#8220; background_image=&#8220;https:\/\/austrian-fraeulein.com\/wp-content\/uploads\/2020\/07\/Fraeulein-Eder-Bondage-Shibari-11.jpg&#8220; background_repeat=&#8220;repeat&#8220; title_font_size_tablet=&#8220;70px&#8220; title_font_size_phone=&#8220;50px&#8220; title_font_size_last_edited=&#8220;on|phone&#8220; content_font_tablet=&#8220;&#8220; content_font_phone=&#8220;&#8220; content_font_last_edited=&#8220;on|phone&#8220; content_font_size_tablet=&#8220;&#8220; content_font_size_phone=&#8220;38px&#8220; content_font_size_last_edited=&#8220;on|phone&#8220; button_one_text_size__hover_enabled=&#8220;off&#8220; button_two_text_size__hover_enabled=&#8220;off&#8220; button_one_text_color__hover_enabled=&#8220;off&#8220; button_two_text_color__hover_enabled=&#8220;off&#8220; button_one_border_width__hover_enabled=&#8220;off&#8220; button_two_border_width__hover_enabled=&#8220;off&#8220; button_one_border_color__hover_enabled=&#8220;off&#8220; button_two_border_color__hover_enabled=&#8220;off&#8220; button_one_border_radius__hover_enabled=&#8220;off&#8220; button_two_border_radius__hover_enabled=&#8220;off&#8220; button_one_letter_spacing__hover_enabled=&#8220;off&#8220; button_two_letter_spacing__hover_enabled=&#8220;off&#8220; button_one_bg_color__hover_enabled=&#8220;off&#8220; button_two_bg_color__hover_enabled=&#8220;off&#8220;]<\/p>\n<p>Austrian Fr\u00e4ulein<\/p>\n<p>[\/et_pb_fullwidth_header][\/et_pb_section][et_pb_section fb_built=&#8220;1&#8243; custom_padding_last_edited=&#8220;on|phone&#8220; _builder_version=&#8220;4.4.2&#8243; background_color=&#8220;#f4f4f4&#8243; background_image=&#8220;https:\/\/austrian-fraeulein.com\/wp-content\/uploads\/2020\/07\/vienna-lace3.jpg&#8220; background_size=&#8220;contain&#8220; background_position=&#8220;center_left&#8220; background_repeat=&#8220;repeat-y&#8220; custom_padding=&#8220;|272px|103px|272px||false&#8220; custom_padding_tablet=&#8220;|0px||0px|false|true&#8220; custom_padding_phone=&#8220;&#8220;][et_pb_row _builder_version=&#8220;4.4.2&#8243;][et_pb_column type=&#8220;4_4&#8243; _builder_version=&#8220;4.4.2&#8243;][et_pb_text admin_label=&#8220;Heading&#8220; _builder_version=&#8220;4.4.2&#8243; text_font=&#8220;Archivo||||||||&#8220; text_letter_spacing=&#8220;1px&#8220; link_font=&#8220;|700|||on||||&#8220; link_text_color=&#8220;#000000&#8243; header_font=&#8220;Playfair Display|700|||||||&#8220; header_text_align=&#8220;center&#8220; header_text_color=&#8220;rgba(0,0,0,0.16)&#8220; header_font_size=&#8220;32px&#8220; header_2_font=&#8220;Raleway|700|||||||&#8220; header_2_text_color=&#8220;rgba(0,0,0,0.19)&#8220; header_2_font_size=&#8220;32px&#8220; background_size=&#8220;initial&#8220; background_position=&#8220;top_left&#8220; background_repeat=&#8220;repeat&#8220; custom_margin=&#8220;||-27px|||&#8220; custom_padding=&#8220;||39px|||&#8220; text_letter_spacing_tablet=&#8220;&#8220; text_letter_spacing_phone=&#8220;0px&#8220; text_letter_spacing_last_edited=&#8220;on|phone&#8220; use_border_color=&#8220;off&#8220; border_style=&#8220;solid&#8220;]<\/p>\n<h1>Domina in Wien, \u00d6sterreich<\/h1>\n<p>[\/et_pb_text][et_pb_text _builder_version=&#8220;4.5.1&#8243; text_font=&#8220;Archivo||||||||&#8220; text_letter_spacing=&#8220;1px&#8220; link_font=&#8220;|700|||on||||&#8220; link_text_color=&#8220;#000000&#8243; header_2_font=&#8220;Playfair Display|700|||||||&#8220; header_2_text_align=&#8220;center&#8220; background_size=&#8220;initial&#8220; background_position=&#8220;top_left&#8220; background_repeat=&#8220;repeat&#8220; custom_margin=&#8220;||33px|||&#8220; text_letter_spacing_tablet=&#8220;&#8220; text_letter_spacing_phone=&#8220;0px&#8220; text_letter_spacing_last_edited=&#8220;on|phone&#8220; use_border_color=&#8220;off&#8220; border_style=&#8220;solid&#8220;]<\/p>\n<h2>Willkommen!<\/h2>\n<p>Diese Website ist der wunderbaren Empfindungswelt des BDSM in Praxis und Theorie gewidmet, der Seilbondage und anderen Methoden der Restriktion, subtilen und gut vorbereiteten Reisen in unsere Vorstellungswelt, SM-Geschichten und Unterhaltungen, und: MIR.<\/p>\n<p>Ich bin The Austrian Fr\u00e4ulein. Ich begeistere mich f\u00fcr viele Dinge, die dich auch interessieren k\u00f6nnten: Mit M\u00e4nnern zu spielen, sie zu reizen, ihnen wehzutun, sie in einem einvernehmlichen Rahmen zu benutzen und zu missbrauchen. Ich schreibe auch gerne \u00fcber BDSM und manchmal \u00fcber Sex im Allgemeinen. Vielleicht findest du das auch spannend. Und zwischen Tun und Schreiben habe ich einen seltsamen und uners\u00e4ttlichen Appetit zu wissen: Wie du tickst und was dich antreibt.<\/p>\n<p>Ich lebe in Wien, \u00d6sterreich. Momentan hei\u00dft das, dass ich auch fast immer hier bin und nur unter bestimmten Umst\u00e4nden zu treffen bin, w\u00e4hrend sonst kontaktloser Austausch m\u00f6glich ist. Wenn ich es so entscheide, werde ich auch wieder f\u00fcr Treffen auf Reisen gehen.<\/p>\n<p>Schau dich auf meiner Homepage und in meinem Blog um, wenn du mehr erfahren willst \u00fcber:<br \/> Eine Domina-Session, Shibari, Mumifizierung und Duct Tape, Spanking, Elektrostimulation, Strap-on, Coaching, mich als Online-Herrin und Schl\u00fcsselherrin, und meinen BDSM-Roman.<\/p>\n<p>[\/et_pb_text][et_pb_button button_url=&#8220;https:\/\/austrian-fraeulein.com\/de\/fraulein\/&#8220; button_text=&#8220;Tritt ein&#8220; button_alignment=&#8220;center&#8220; _builder_version=&#8220;4.6.5&#8243; custom_button=&#8220;on&#8220; button_text_size=&#8220;22px&#8220; button_text_color=&#8220;#000000&#8243; button_icon=&#8220;%%24%%&#8220; button_on_hover=&#8220;off&#8220; custom_padding=&#8220;|50px||37px|false|false&#8220; hover_enabled=&#8220;0&#8243; button_icon_tablet=&#8220;&#8220; button_icon_phone=&#8220;&#8220; button_icon_last_edited=&#8220;on|desktop&#8220; button_border_color__hover_enabled=&#8220;on|hover&#8220; button_border_color__hover=&#8220;#000000&#8243; sticky_enabled=&#8220;0&#8243;][\/et_pb_button][\/et_pb_column][\/et_pb_row][\/et_pb_section]<\/p>\n","protected":false},"excerpt":{"rendered":"<p>Austrian Fr\u00e4uleinDomina in Wien, \u00d6sterreichWillkommen! Diese Website ist der wunderbaren Empfindungswelt des BDSM in Praxis und Theorie gewidmet, der Seilbondage und anderen Methoden der Restriktion, subtilen und gut vorbereiteten Reisen in unsere Vorstellungswelt, SM-Geschichten und Unterhaltungen, und: MIR. Ich bin The Austrian Fr\u00e4ulein. Ich begeistere mich f\u00fcr viele Dinge, die dich auch interessieren k\u00f6nnten: Mit [&hellip;]<\/p>\n","protected":false},"author":2,"featured_media":0,"parent":0,"menu_order":0,"comment_status":"closed","ping_status":"closed","template":"","meta":{"_et_pb_use_builder":"on","_et_pb_old_content":"","_et_gb_content_width":"","footnotes":""},"class_list":["post-1311","page","type-page","status-publish","hentry"],"_links":{"self":[{"href":"https:\/\/austrian-fraeulein.com\/de\/wp-json\/wp\/v2\/pages\/1311","targetHints":{"allow":["GET"]}}],"collection":[{"href":"https:\/\/austrian-fraeulein.com\/de\/wp-json\/wp\/v2\/pages"}],"about":[{"href":"https:\/\/austrian-fraeulein.com\/de\/wp-json\/wp\/v2\/types\/page"}],"author":[{"embeddable":true,"href":"https:\/\/austrian-fraeulein.com\/de\/wp-json\/wp\/v2\/users\/2"}],"replies":[{"embeddable":true,"href":"https:\/\/austrian-fraeulein.com\/de\/wp-json\/wp\/v2\/comments?post=1311"}],"version-history":[{"count":9,"href":"https:\/\/austrian-fraeulein.com\/de\/wp-json\/wp\/v2\/pages\/1311\/revisions"}],"predecessor-version":[{"id":1905,"href":"https:\/\/austrian-fraeulein.com\/de\/wp-json\/wp\/v2\/pages\/1311\/revisions\/1905"}],"wp:attachment":[{"href":"https:\/\/austrian-fraeulein.com\/de\/wp-json\/wp\/v2\/media?parent=1311"}],"curies":[{"name":"wp","href":"https:\/\/api.w.org\/{rel}","templated":true}]}}