{"id":1317,"date":"2020-07-27T15:04:33","date_gmt":"2020-07-27T13:04:33","guid":{"rendered":"https:\/\/austrian-fraeulein.com\/domina-telefon\/"},"modified":"2021-11-03T00:45:22","modified_gmt":"2021-11-02T23:45:22","slug":"domina-telefon","status":"publish","type":"page","link":"https:\/\/austrian-fraeulein.com\/de\/domina-telefon\/","title":{"rendered":"Domina Telefon"},"content":{"rendered":"<p>[et_pb_section fb_built=&#8220;1&#8243; fullwidth=&#8220;on&#8220; _builder_version=&#8220;4.4.2&#8243; background_enable_image=&#8220;off&#8220; background_enable_video_mp4=&#8220;off&#8220; background_enable_video_webm=&#8220;off&#8220; custom_padding=&#8220;0%||0%|||&#8220; custom_padding_tablet=&#8220;10%||10%|&#8220; transparent_background=&#8220;off&#8220; padding_mobile=&#8220;on&#8220;][et_pb_fullwidth_header text_orientation=&#8220;center&#8220; title_font_color=&#8220;#ffffff&#8220; subhead_font_color=&#8220;#ffffff&#8220; _builder_version=&#8220;4.5.0&#8243; title_font=&#8220;Playfair Display||||&#8220; title_text_color=&#8220;#ffffff&#8220; title_font_size=&#8220;90px&#8220; content_font=&#8220;Playfair Display||||||||&#8220; content_font_size=&#8220;90px&#8220; content_line_height=&#8220;1em&#8220; subhead_font=&#8220;Lato|||on|&#8220; subhead_text_color=&#8220;#ffffff&#8220; subhead_font_size=&#8220;14px&#8220; background_enable_color=&#8220;off&#8220; background_image=&#8220;https:\/\/austrian-fraeulein.com\/wp-content\/uploads\/2020\/07\/frau-eder-vienna-domme2.jpg&#8220; background_repeat=&#8220;repeat&#8220; title_font_size_tablet=&#8220;70px&#8220; title_font_size_phone=&#8220;50px&#8220; title_font_size_last_edited=&#8220;on|phone&#8220; content_font_tablet=&#8220;&#8220; content_font_phone=&#8220;&#8220; content_font_last_edited=&#8220;on|phone&#8220; content_font_size_tablet=&#8220;&#8220; content_font_size_phone=&#8220;38px&#8220; content_font_size_last_edited=&#8220;on|phone&#8220; button_one_text_size__hover_enabled=&#8220;off&#8220; button_two_text_size__hover_enabled=&#8220;off&#8220; button_one_text_color__hover_enabled=&#8220;off&#8220; button_two_text_color__hover_enabled=&#8220;off&#8220; button_one_border_width__hover_enabled=&#8220;off&#8220; button_two_border_width__hover_enabled=&#8220;off&#8220; button_one_border_color__hover_enabled=&#8220;off&#8220; button_two_border_color__hover_enabled=&#8220;off&#8220; button_one_border_radius__hover_enabled=&#8220;off&#8220; button_two_border_radius__hover_enabled=&#8220;off&#8220; button_one_letter_spacing__hover_enabled=&#8220;off&#8220; button_two_letter_spacing__hover_enabled=&#8220;off&#8220; button_one_bg_color__hover_enabled=&#8220;off&#8220; button_two_bg_color__hover_enabled=&#8220;off&#8220;]<\/p>\n<p>Austrian Fr\u00e4ulein<\/p>\n<p>[\/et_pb_fullwidth_header][\/et_pb_section][et_pb_section fb_built=&#8220;1&#8243; _builder_version=&#8220;4.4.2&#8243; background_color=&#8220;#f5f5f5&#8243; background_image=&#8220;https:\/\/austrian-fraeulein.com\/wp-content\/uploads\/2020\/07\/vienna-lace3.jpg&#8220; background_size=&#8220;initial&#8220; background_position=&#8220;center_left&#8220; background_repeat=&#8220;repeat-y&#8220; custom_padding=&#8220;|0px||0px|false|false&#8220; custom_css_main_element=&#8220;border-top: solid #ffffff 20px;&#8220; transparent_background=&#8220;off&#8220;][et_pb_row column_structure=&#8220;1_3,2_3&#8243; padding_mobile=&#8220;on&#8220; column_padding_mobile=&#8220;on&#8220; _builder_version=&#8220;3.25&#8243; background_size=&#8220;initial&#8220; background_position=&#8220;top_left&#8220; background_repeat=&#8220;repeat&#8220;][et_pb_column type=&#8220;1_3&#8243; _builder_version=&#8220;3.25&#8243; custom_padding=&#8220;|||&#8220; custom_padding__hover=&#8220;|||&#8220;][et_pb_image src=&#8220;https:\/\/austrian-fraeulein.com\/wp-content\/uploads\/2020\/07\/5D__0321.jpg&#8220; title_text=&#8220;Domina Telefon&#8220; show_in_lightbox=&#8220;on&#8220; align_tablet=&#8220;center&#8220; align_phone=&#8220;&#8220; align_last_edited=&#8220;on|desktop&#8220; _builder_version=&#8220;4.5.1&#8243; custom_margin=&#8220;-150px|||&#8220; custom_margin_tablet=&#8220;-150px|||&#8220; custom_margin_phone=&#8220;-150px|||&#8220; custom_margin_last_edited=&#8220;on|phone&#8220; animation_style=&#8220;slide&#8220; animation_direction=&#8220;left&#8220; animation_duration=&#8220;500ms&#8220; animation_intensity_slide=&#8220;10%&#8220; border_width_all=&#8220;20px&#8220; border_color_all=&#8220;#ffffff&#8220; border_style_all=&#8220;solid&#8220; use_border_color=&#8220;on&#8220; border_color=&#8220;#ffffff&#8220; border_width=&#8220;20px&#8220; border_style=&#8220;solid&#8220; sticky=&#8220;off&#8220;][\/et_pb_image][\/et_pb_column][et_pb_column type=&#8220;2_3&#8243; _builder_version=&#8220;3.25&#8243; custom_padding=&#8220;|||&#8220; custom_padding__hover=&#8220;|||&#8220;][et_pb_text admin_label=&#8220;Heading&#8220; _builder_version=&#8220;4.4.2&#8243; text_font=&#8220;Archivo||||||||&#8220; text_letter_spacing=&#8220;1px&#8220; link_font=&#8220;|700|||on||||&#8220; link_text_color=&#8220;#000000&#8243; header_font=&#8220;Playfair Display|700|||||||&#8220; header_text_color=&#8220;rgba(0,0,0,0.16)&#8220; header_font_size=&#8220;32px&#8220; header_2_font=&#8220;Raleway|700|||||||&#8220; header_2_text_color=&#8220;rgba(0,0,0,0.19)&#8220; header_2_font_size=&#8220;32px&#8220; background_size=&#8220;initial&#8220; background_position=&#8220;top_left&#8220; background_repeat=&#8220;repeat&#8220; custom_margin=&#8220;||-27px|||&#8220; custom_padding=&#8220;||39px|||&#8220; text_letter_spacing_tablet=&#8220;&#8220; text_letter_spacing_phone=&#8220;0px&#8220; text_letter_spacing_last_edited=&#8220;on|phone&#8220; use_border_color=&#8220;off&#8220; border_style=&#8220;solid&#8220;]<\/p>\n<h1>Domina Telefon<\/h1>\n<p>[\/et_pb_text][et_pb_text _builder_version=&#8220;4.5.1&#8243; text_font=&#8220;Archivo||||||||&#8220; text_letter_spacing=&#8220;1px&#8220; link_font=&#8220;|700|||on||||&#8220; link_text_color=&#8220;#000000&#8243; header_2_font=&#8220;Playfair Display|700|||||||&#8220; background_size=&#8220;initial&#8220; background_position=&#8220;top_left&#8220; background_repeat=&#8220;repeat&#8220; text_letter_spacing_tablet=&#8220;&#8220; text_letter_spacing_phone=&#8220;0px&#8220; text_letter_spacing_last_edited=&#8220;on|phone&#8220; use_border_color=&#8220;off&#8220; border_style=&#8220;solid&#8220;]<\/p>\n<h2>Reden<\/h2>\n<p>Dies ist ein Weg, mit mir in Kontakt zu kommen, also der Mensch, der ich bin, mit meinem spezifischen Erfahrungsschatz und meinem Wissen. Au\u00dferdem befinden wir uns in einer Zeit des Infektionsschutzes und die Stimme ist ein Weg, einander trotzdem nahe zu kommen. Vielleicht werde ich daf\u00fcr sogar eine Hotline einrichten, damit das so einfach wie m\u00f6glich wird. Momentan kannst du mich jedenfalls \u00fcber mein Kontaktformular erreichen, um einen Telefon- oder Whatsapp-Anruf zu arrangieren.    <\/p>\n<p>Ich bin da, um gut zuzuh\u00f6ren, meine Ansichten und Erfahrungen zu teilen, und den Fantasien, die in deinem Kopf herumspuken, meine Stimme zu leihen. Vielleicht brauchst du jemanden, um deine Gedanken hinsichtlich deiner Fetische oder deiner Lebenssituation zu ordnen \u2013 ich bin keine Therapeutin, aber ich bin ich. [\/et_pb_text][\/et_pb_column][\/et_pb_row][\/et_pb_section]<\/p>\n","protected":false},"excerpt":{"rendered":"<p>Austrian Fr\u00e4uleinDomina TelefonReden Dies ist ein Weg, mit mir in Kontakt zu kommen, also der Mensch, der ich bin, mit meinem spezifischen Erfahrungsschatz und meinem Wissen. Au\u00dferdem befinden wir uns in einer Zeit des Infektionsschutzes und die Stimme ist ein Weg, einander trotzdem nahe zu kommen. Vielleicht werde ich daf\u00fcr sogar eine Hotline einrichten, damit [&hellip;]<\/p>\n","protected":false},"author":2,"featured_media":0,"parent":0,"menu_order":0,"comment_status":"closed","ping_status":"closed","template":"","meta":{"_et_pb_use_builder":"on","_et_pb_old_content":"","_et_gb_content_width":"","footnotes":""},"class_list":["post-1317","page","type-page","status-publish","hentry"],"_links":{"self":[{"href":"https:\/\/austrian-fraeulein.com\/de\/wp-json\/wp\/v2\/pages\/1317","targetHints":{"allow":["GET"]}}],"collection":[{"href":"https:\/\/austrian-fraeulein.com\/de\/wp-json\/wp\/v2\/pages"}],"about":[{"href":"https:\/\/austrian-fraeulein.com\/de\/wp-json\/wp\/v2\/types\/page"}],"author":[{"embeddable":true,"href":"https:\/\/austrian-fraeulein.com\/de\/wp-json\/wp\/v2\/users\/2"}],"replies":[{"embeddable":true,"href":"https:\/\/austrian-fraeulein.com\/de\/wp-json\/wp\/v2\/comments?post=1317"}],"version-history":[{"count":3,"href":"https:\/\/austrian-fraeulein.com\/de\/wp-json\/wp\/v2\/pages\/1317\/revisions"}],"predecessor-version":[{"id":1894,"href":"https:\/\/austrian-fraeulein.com\/de\/wp-json\/wp\/v2\/pages\/1317\/revisions\/1894"}],"wp:attachment":[{"href":"https:\/\/austrian-fraeulein.com\/de\/wp-json\/wp\/v2\/media?parent=1317"}],"curies":[{"name":"wp","href":"https:\/\/api.w.org\/{rel}","templated":true}]}}