{"id":1320,"date":"2020-07-27T15:16:32","date_gmt":"2020-07-27T13:16:32","guid":{"rendered":"https:\/\/austrian-fraeulein.com\/fraulein-eder\/"},"modified":"2025-02-16T14:46:35","modified_gmt":"2025-02-16T13:46:35","slug":"fraulein","status":"publish","type":"page","link":"https:\/\/austrian-fraeulein.com\/de\/fraulein\/","title":{"rendered":"Austrian Fr\u00e4ulein"},"content":{"rendered":"<p>[et_pb_section fb_built=&#8220;1&#8243; fullwidth=&#8220;on&#8220; _builder_version=&#8220;4.16&#8243; background_enable_image=&#8220;off&#8220; background_position=&#8220;top_center&#8220; background_enable_video_mp4=&#8220;off&#8220; background_enable_video_webm=&#8220;off&#8220; custom_padding=&#8220;0%||0%|||&#8220; custom_padding_tablet=&#8220;10%||10%|&#8220; transparent_background=&#8220;off&#8220; padding_mobile=&#8220;on&#8220; global_colors_info=&#8220;{}&#8220;][et_pb_fullwidth_header text_orientation=&#8220;center&#8220; background_overlay_color=&#8220;rgba(0,0,0,0)&#8220; title_font_color=&#8220;#ffffff&#8220; subhead_font_color=&#8220;#ffffff&#8220; _builder_version=&#8220;4.16&#8243; title_font=&#8220;Playfair Display||||&#8220; title_text_color=&#8220;#ffffff&#8220; title_font_size=&#8220;90px&#8220; content_font=&#8220;Playfair Display||||||||&#8220; content_font_size=&#8220;90px&#8220; content_line_height=&#8220;1em&#8220; subhead_font=&#8220;Lato|||on|&#8220; subhead_text_color=&#8220;#ffffff&#8220; subhead_font_size=&#8220;14px&#8220; background_enable_color=&#8220;off&#8220; background_image=&#8220;https:\/\/austrian-fraeulein.com\/wp-content\/uploads\/2020\/07\/frau-eder-vienna-domme3.jpg&#8220; custom_padding=&#8220;50px||50px||true|&#8220; title_font_size_tablet=&#8220;70px&#8220; title_font_size_phone=&#8220;50px&#8220; title_font_size_last_edited=&#8220;on|phone&#8220; content_font_tablet=&#8220;&#8220; content_font_phone=&#8220;&#8220; content_font_last_edited=&#8220;on|phone&#8220; content_font_size_tablet=&#8220;&#8220; content_font_size_phone=&#8220;38px&#8220; content_font_size_last_edited=&#8220;on|phone&#8220; global_colors_info=&#8220;{}&#8220; button_one_text_size__hover_enabled=&#8220;off&#8220; button_two_text_size__hover_enabled=&#8220;off&#8220; button_one_text_color__hover_enabled=&#8220;off&#8220; button_two_text_color__hover_enabled=&#8220;off&#8220; button_one_border_width__hover_enabled=&#8220;off&#8220; button_two_border_width__hover_enabled=&#8220;off&#8220; button_one_border_color__hover_enabled=&#8220;off&#8220; button_two_border_color__hover_enabled=&#8220;off&#8220; button_one_border_radius__hover_enabled=&#8220;off&#8220; button_two_border_radius__hover_enabled=&#8220;off&#8220; button_one_letter_spacing__hover_enabled=&#8220;off&#8220; button_two_letter_spacing__hover_enabled=&#8220;off&#8220; button_one_bg_color__hover_enabled=&#8220;off&#8220; button_two_bg_color__hover_enabled=&#8220;off&#8220;]<\/p>\n<p>Austrian Fr\u00e4ulein<\/p>\n<p>[\/et_pb_fullwidth_header][\/et_pb_section][et_pb_section fb_built=&#8220;1&#8243; _builder_version=&#8220;4.16&#8243; background_color=&#8220;#f5f5f5&#8243; background_image=&#8220;https:\/\/austrian-fraeulein.com\/wp-content\/uploads\/2020\/07\/vienna-lace3.jpg&#8220; background_size=&#8220;initial&#8220; background_position=&#8220;center_left&#8220; background_repeat=&#8220;repeat-y&#8220; custom_padding=&#8220;|0px|0px|0px|false|false&#8220; custom_css_main_element=&#8220;border-top: solid #ffffff 20px;&#8220; transparent_background=&#8220;off&#8220; global_colors_info=&#8220;{}&#8220;][et_pb_row column_structure=&#8220;1_3,2_3&#8243; column_padding_mobile=&#8220;on&#8220; _builder_version=&#8220;4.16&#8243; background_size=&#8220;initial&#8220; background_position=&#8220;top_left&#8220; background_repeat=&#8220;repeat&#8220; custom_padding=&#8220;|0px|45px|3px|false|false&#8220; global_colors_info=&#8220;{}&#8220;][et_pb_column type=&#8220;1_3&#8243; _builder_version=&#8220;4.16&#8243; custom_padding=&#8220;|||&#8220; global_colors_info=&#8220;{}&#8220; custom_padding__hover=&#8220;|||&#8220;][et_pb_image src=&#8220;https:\/\/austrian-fraeulein.com\/wp-content\/uploads\/2020\/07\/@fraeuleineder-Chaps-Jazzyfashion-1.jpg&#8220; alt=&#8220;@fraeuleineder Chaps Jazzyfashion&#8220; title_text=&#8220;@fraeuleineder Chaps Jazzyfashion (1)&#8220; show_in_lightbox=&#8220;on&#8220; align_tablet=&#8220;center&#8220; align_phone=&#8220;&#8220; align_last_edited=&#8220;on|desktop&#8220; _builder_version=&#8220;4.16&#8243; custom_margin=&#8220;-140px||||false|false&#8220; custom_margin_tablet=&#8220;-150px|||&#8220; custom_margin_phone=&#8220;-150px|||&#8220; custom_margin_last_edited=&#8220;on|phone&#8220; animation_style=&#8220;slide&#8220; animation_direction=&#8220;left&#8220; animation_duration=&#8220;500ms&#8220; animation_intensity_slide=&#8220;10%&#8220; border_width_all=&#8220;20px&#8220; border_color_all=&#8220;#ffffff&#8220; border_style_all=&#8220;solid&#8220; sticky=&#8220;off&#8220; use_border_color=&#8220;on&#8220; border_color=&#8220;#ffffff&#8220; border_width=&#8220;20px&#8220; border_style=&#8220;solid&#8220; global_colors_info=&#8220;{}&#8220;][\/et_pb_image][\/et_pb_column][et_pb_column type=&#8220;2_3&#8243; _builder_version=&#8220;4.16&#8243; custom_padding=&#8220;|||&#8220; global_colors_info=&#8220;{}&#8220; custom_padding__hover=&#8220;|||&#8220;][et_pb_text admin_label=&#8220;Heading&#8220; _builder_version=&#8220;4.16&#8243; text_font=&#8220;Archivo||||||||&#8220; text_letter_spacing=&#8220;1px&#8220; link_font=&#8220;|700|||on||||&#8220; link_text_color=&#8220;#000000&#8243; header_font=&#8220;Playfair Display|700|||||||&#8220; header_text_color=&#8220;rgba(0,0,0,0.16)&#8220; header_font_size=&#8220;31px&#8220; header_2_font=&#8220;Raleway|700|||||||&#8220; header_2_text_color=&#8220;rgba(0,0,0,0.19)&#8220; header_2_font_size=&#8220;32px&#8220; background_size=&#8220;initial&#8220; background_position=&#8220;top_left&#8220; background_repeat=&#8220;repeat&#8220; custom_margin=&#8220;||-27px|-3px||&#8220; custom_padding=&#8220;||39px|||&#8220; text_letter_spacing_tablet=&#8220;&#8220; text_letter_spacing_phone=&#8220;0px&#8220; text_letter_spacing_last_edited=&#8220;on|phone&#8220; use_border_color=&#8220;off&#8220; border_style=&#8220;solid&#8220; global_colors_info=&#8220;{}&#8220;]<\/p>\n<h1>Weibliche Dominanz in Wien, \u00d6sterreich<\/h1>\n<p>[\/et_pb_text][et_pb_text _builder_version=&#8220;4.16&#8243; text_font=&#8220;Archivo||||||||&#8220; text_letter_spacing=&#8220;1px&#8220; link_font=&#8220;|700|||on||||&#8220; link_text_color=&#8220;#000000&#8243; header_2_font=&#8220;Playfair Display|700|||||||&#8220; background_size=&#8220;initial&#8220; background_position=&#8220;top_left&#8220; background_repeat=&#8220;repeat&#8220; text_letter_spacing_tablet=&#8220;&#8220; text_letter_spacing_phone=&#8220;0px&#8220; text_letter_spacing_last_edited=&#8220;on|phone&#8220; use_border_color=&#8220;off&#8220; border_style=&#8220;solid&#8220; global_colors_info=&#8220;{}&#8220;]<\/p>\n<h2>Willkommen bei The Austrian Fr\u00e4ulein.<\/h2>\n<p>Willkommen bei The Austrian Fr\u00e4ulein. Sch\u00f6n, dass du da bist. Wer ich bin? Nenn mich einfach Fr\u00e4ulein. Oder \u201cHerrin\u201d, falls dir das besser gef\u00e4llt. Damit wei\u00dft du jetzt eigentlich schon, worum es zwischen uns beiden gehen kann. Richtig, zwischen uns kann es um Macht und Unterwerfung gehen. Ich dominiere dich, du unterwirfst dich mir. Das h\u00f6rt sich doch richtig gut an, oder?<\/p>\n<p><a href=\"https:\/\/switter.at\/@fraeuleinEder\" target=\"_blank\" rel=\"noopener noreferrer\"><\/a><\/p>\n<p>[\/et_pb_text][\/et_pb_column][\/et_pb_row][\/et_pb_section][et_pb_section fb_built=&#8220;1&#8243; _builder_version=&#8220;4.5.1&#8243; background_color=&#8220;#f7f7f7&#8243; background_image=&#8220;https:\/\/austrian-fraeulein.com\/wp-content\/uploads\/2020\/07\/baroque-bg-white.jpg&#8220; background_size=&#8220;contain&#8220; background_repeat=&#8220;repeat&#8220; custom_margin=&#8220;0px|0px|0px|0px|false|false&#8220; custom_margin_tablet=&#8220;|0px||0px|false|true&#8220; custom_margin_phone=&#8220;|0px||0px|false|false&#8220; custom_margin_last_edited=&#8220;on|tablet&#8220; custom_padding=&#8220;50px||50px||true|false&#8220; border_color_all=&#8220;#000000&#8243; box_shadow_style=&#8220;preset1&#8243; box_shadow_vertical=&#8220;1px&#8220; box_shadow_blur=&#8220;10px&#8220; global_module=&#8220;1377&#8243; saved_tabs=&#8220;all&#8220; global_colors_info=&#8220;{}&#8220;][et_pb_row _builder_version=&#8220;4.16&#8243; background_color=&#8220;rgba(249,249,249,0.58)&#8220; custom_margin=&#8220;0px||0px||true|true&#8220; custom_padding=&#8220;0px|0px|0px|0px|false|true&#8220; global_colors_info=&#8220;{}&#8220;][et_pb_column type=&#8220;4_4&#8243; _builder_version=&#8220;4.16&#8243; global_colors_info=&#8220;{}&#8220;][et_pb_blurb _builder_version=&#8220;4.16&#8243; header_text_align=&#8220;center&#8220; header_font_size=&#8220;27px&#8220; header_line_height=&#8220;1.4em&#8220; body_text_align=&#8220;center&#8220; body_font_size=&#8220;18px&#8220; custom_padding=&#8220;50px|0px|50px|0px|true|true&#8220; border_width_all=&#8220;1px&#8220; global_colors_info=&#8220;{}&#8220;]<\/p>\n<p><strong>Meine n\u00e4chsten Termine:<\/strong><\/p>\n<p><span>Nach Vereinbarung : Wien<\/span><br \/><span>Nach Vereinbarung : Wien<\/span><br \/><span>Nach Vereinbarung : Wien<\/span><\/p>\n<p>[\/et_pb_blurb][\/et_pb_column][\/et_pb_row][\/et_pb_section][et_pb_section fb_built=&#8220;1&#8243; custom_padding_last_edited=&#8220;on|phone&#8220; _builder_version=&#8220;4.16&#8243; background_color=&#8220;#f4f4f4&#8243; background_image=&#8220;https:\/\/austrian-fraeulein.com\/wp-content\/uploads\/2020\/07\/vienna-lace3.jpg&#8220; background_size=&#8220;initial&#8220; background_position=&#8220;top_left&#8220; background_repeat=&#8220;repeat-y&#8220; custom_padding=&#8220;0px|120px|0px|120px|true|true&#8220; custom_padding_tablet=&#8220;|0px||0px|true|false&#8220; custom_padding_phone=&#8220;0px|0px|0px|0px|true|false&#8220; transparent_background=&#8220;off&#8220; global_colors_info=&#8220;{}&#8220;][et_pb_row module_id=&#8220;you&#8220; _builder_version=&#8220;4.16&#8243; custom_padding=&#8220;0px||0px||true|false&#8220; global_colors_info=&#8220;{}&#8220;][et_pb_column type=&#8220;4_4&#8243; _builder_version=&#8220;4.16&#8243; global_colors_info=&#8220;{}&#8220;][\/et_pb_column][\/et_pb_row][et_pb_row column_structure=&#8220;1_2,1_2&#8243; make_equal=&#8220;on&#8220; column_padding_mobile=&#8220;on&#8220; module_class=&#8220; et_pb_row_fullwidth&#8220; _builder_version=&#8220;4.16&#8243; background_size=&#8220;initial&#8220; background_position=&#8220;top_left&#8220; background_repeat=&#8220;repeat&#8220; width=&#8220;89%&#8220; width_tablet=&#8220;80%&#8220; width_phone=&#8220;&#8220; width_last_edited=&#8220;on|desktop&#8220; max_width=&#8220;89%&#8220; max_width_tablet=&#8220;80%&#8220; max_width_phone=&#8220;&#8220; max_width_last_edited=&#8220;on|desktop&#8220; custom_margin=&#8220;0px|80px||80px||true&#8220; custom_margin_tablet=&#8220;&#8220; custom_margin_phone=&#8220;|45px||45px|false|false&#8220; custom_margin_last_edited=&#8220;on|phone&#8220; custom_padding=&#8220;35px||35px||true|false&#8220; make_fullwidth=&#8220;on&#8220; global_colors_info=&#8220;{}&#8220;][et_pb_column type=&#8220;1_2&#8243; _builder_version=&#8220;4.16&#8243; custom_padding=&#8220;3%||3%|&#8220; custom_padding_tablet=&#8220;&#8220; custom_padding_phone=&#8220;&#8220; custom_padding_last_edited=&#8220;on|tablet&#8220; global_colors_info=&#8220;{}&#8220; padding_last_edited=&#8220;on|tablet&#8220; custom_padding__hover=&#8220;|||&#8220;][et_pb_text admin_label=&#8220;Heading&#8220; _builder_version=&#8220;4.16&#8243; text_font=&#8220;Archivo||||||||&#8220; text_letter_spacing=&#8220;1px&#8220; link_font=&#8220;|700|||on||||&#8220; link_text_color=&#8220;#000000&#8243; header_font=&#8220;||||||||&#8220; header_3_font=&#8220;Playfair Display|600|||||||&#8220; header_3_text_align=&#8220;left&#8220; header_3_font_size=&#8220;28px&#8220; background_size=&#8220;initial&#8220; background_position=&#8220;top_left&#8220; background_repeat=&#8220;repeat&#8220; custom_margin=&#8220;||16px|||&#8220; text_letter_spacing_tablet=&#8220;&#8220; text_letter_spacing_phone=&#8220;0px&#8220; text_letter_spacing_last_edited=&#8220;on|phone&#8220; use_border_color=&#8220;off&#8220; border_style=&#8220;solid&#8220; global_colors_info=&#8220;{}&#8220;]<\/p>\n<h3>Du<\/h3>\n<p>[\/et_pb_text][et_pb_divider divider_weight=&#8220;3px&#8220; disabled_on=&#8220;on|on|off&#8220; _builder_version=&#8220;4.16&#8243; max_width=&#8220;3%&#8220; module_alignment=&#8220;left&#8220; height=&#8220;25px&#8220; hide_on_mobile=&#8220;on&#8220; global_colors_info=&#8220;{}&#8220;][\/et_pb_divider][et_pb_text _builder_version=&#8220;4.16&#8243; text_font=&#8220;Archivo||||||||&#8220; text_letter_spacing=&#8220;1px&#8220; link_font=&#8220;|700|||on||||&#8220; link_text_color=&#8220;#000000&#8243; header_2_font=&#8220;Raleway|700|||||||&#8220; background_size=&#8220;initial&#8220; background_position=&#8220;top_left&#8220; background_repeat=&#8220;repeat&#8220; custom_margin=&#8220;-6px|||||&#8220; text_letter_spacing_tablet=&#8220;&#8220; text_letter_spacing_phone=&#8220;0px&#8220; text_letter_spacing_last_edited=&#8220;on|phone&#8220; use_border_color=&#8220;off&#8220; border_style=&#8220;solid&#8220; global_colors_info=&#8220;{}&#8220;]Meine Interessen? Eigentlich muss man da gar nicht so viele Worte machen. Mich interessieren: <\/p>\n<p>devote M\u00e4nner, masochistische M\u00e4nner, devot-masochistische M\u00e4nner und masochistisch-devote M\u00e4nner. Und mich interessieren all die Dinge, die man mit ihnen anstellen kann.<\/p>\n<p>Ich werde dir detaillierte Fragen zu deinen Motiven und Interessen stellen, bevor unser \u201eSpiel\u201c beginnt. Ich werde dich beobachten, um herauszufinden, wie ich dich dorthin bringe, wo ich dich haben will. Ich suche nicht nach einem Rezept f\u00fcr deine Unterwerfung, sondern werde deine Informationen nutzen, um mein eigenes Men\u00fc zu erstellen. Mich als reine Wunscherf\u00fcllerin zu sehen, w\u00e4re ein unangenehmer Fehler. Wenn du ein bestimmtes Rollenspiel im Kopf hast, dann bitte mich darum. Vielleicht werde ich es nutzen, um deine Hingabe, Unterwerfung und Erniedrigung zu erreichen.[\/et_pb_text][et_pb_image src=&#8220;https:\/\/austrian-fraeulein.com\/wp-content\/uploads\/2020\/07\/5D__1051.jpg&#8220; title_text=&#8220;5D__1051&#8243; show_in_lightbox=&#8220;on&#8220; disabled_on=&#8220;on|off|off&#8220; _builder_version=&#8220;4.16&#8243; border_width_all=&#8220;23px&#8220; border_color_all=&#8220;#f2f2f2&#8243; global_colors_info=&#8220;{}&#8220;][\/et_pb_image][\/et_pb_column][et_pb_column type=&#8220;1_2&#8243; _builder_version=&#8220;4.16&#8243; background_enable_color=&#8220;off&#8220; custom_padding=&#8220;3%|0px|5%|0px|false|true&#8220; global_colors_info=&#8220;{}&#8220; custom_padding__hover=&#8220;|||&#8220;][et_pb_image src=&#8220;https:\/\/austrian-fraeulein.com\/wp-content\/uploads\/2020\/07\/5D__1048.jpg&#8220; title_text=&#8220;5D__1048&#8243; show_in_lightbox=&#8220;on&#8220; disabled_on=&#8220;off|off|off&#8220; _builder_version=&#8220;4.16&#8243; custom_margin=&#8220;83px|||||&#8220; border_width_all=&#8220;23px&#8220; border_color_all=&#8220;#ffffff&#8220; global_colors_info=&#8220;{}&#8220;][\/et_pb_image][et_pb_text _builder_version=&#8220;4.16&#8243; text_font=&#8220;Archivo||||||||&#8220; text_letter_spacing=&#8220;1px&#8220; link_font=&#8220;|700|||on||||&#8220; link_text_color=&#8220;#000000&#8243; header_2_font=&#8220;Raleway|700|||||||&#8220; background_size=&#8220;initial&#8220; background_position=&#8220;top_left&#8220; background_repeat=&#8220;repeat&#8220; custom_margin=&#8220;-6px|||||&#8220; custom_padding=&#8220;35px|||||&#8220; text_letter_spacing_tablet=&#8220;&#8220; text_letter_spacing_phone=&#8220;0px&#8220; text_letter_spacing_last_edited=&#8220;on|phone&#8220; use_border_color=&#8220;off&#8220; border_style=&#8220;solid&#8220; global_colors_info=&#8220;{}&#8220;]Manchmal lehne ich eine Anfrage ab, weil ich ein gutes Gesp\u00fcr daf\u00fcr habe, was eine gute Session werden k\u00f6nnte. Wenn das passiert, mach dir keine Gedanken. Ich m\u00f6chte keine Session beginnen, die entweder dich oder mich nicht gl\u00fccklich machen wird. Ich empfinde den professionellen BDSM, den ich mache, immer noch als eine sehr pers\u00f6nliche und intime Sache.[\/et_pb_text][\/et_pb_column][\/et_pb_row][et_pb_row module_id=&#8220;me&#8220; _builder_version=&#8220;4.16&#8243; custom_padding=&#8220;0px||0px||true|false&#8220; global_colors_info=&#8220;{}&#8220;][et_pb_column type=&#8220;4_4&#8243; _builder_version=&#8220;4.16&#8243; global_colors_info=&#8220;{}&#8220;][\/et_pb_column][\/et_pb_row][et_pb_row column_structure=&#8220;1_2,1_2&#8243; padding_mobile=&#8220;on&#8220; make_equal=&#8220;on&#8220; column_padding_mobile=&#8220;on&#8220; module_class=&#8220; et_pb_row_fullwidth&#8220; _builder_version=&#8220;4.16&#8243; background_size=&#8220;initial&#8220; background_position=&#8220;top_left&#8220; background_repeat=&#8220;repeat&#8220; width=&#8220;89%&#8220; width_tablet=&#8220;80%&#8220; width_phone=&#8220;&#8220; width_last_edited=&#8220;on|desktop&#8220; max_width=&#8220;89%&#8220; max_width_tablet=&#8220;80%&#8220; max_width_phone=&#8220;&#8220; max_width_last_edited=&#8220;on|desktop&#8220; custom_margin=&#8220;0px|80px||80px||true&#8220; custom_margin_tablet=&#8220;|80px||80px|false|true&#8220; custom_margin_phone=&#8220;|45px||45px|false|true&#8220; custom_margin_last_edited=&#8220;on|tablet&#8220; custom_padding=&#8220;0px|||||&#8220; make_fullwidth=&#8220;on&#8220; global_colors_info=&#8220;{}&#8220;][et_pb_column type=&#8220;1_2&#8243; _builder_version=&#8220;4.16&#8243; background_enable_color=&#8220;off&#8220; custom_padding=&#8220;3%||5%||false|false&#8220; global_colors_info=&#8220;{}&#8220; padding_last_edited=&#8220;on|tablet&#8220; custom_padding__hover=&#8220;|||&#8220;][et_pb_text admin_label=&#8220;Heading&#8220; _builder_version=&#8220;4.16&#8243; text_font=&#8220;Archivo||||||||&#8220; text_letter_spacing=&#8220;1px&#8220; link_font=&#8220;|700|||on||||&#8220; link_text_color=&#8220;#000000&#8243; header_font=&#8220;||||||||&#8220; header_3_font=&#8220;Playfair Display|600|||||||&#8220; header_3_font_size=&#8220;28px&#8220; background_size=&#8220;initial&#8220; background_position=&#8220;top_left&#8220; background_repeat=&#8220;repeat&#8220; custom_margin=&#8220;||9px|||&#8220; text_letter_spacing_tablet=&#8220;&#8220; text_letter_spacing_phone=&#8220;0px&#8220; text_letter_spacing_last_edited=&#8220;on|phone&#8220; use_border_color=&#8220;off&#8220; border_style=&#8220;solid&#8220; global_colors_info=&#8220;{}&#8220;]<\/p>\n<h3>Ich<\/h3>\n<p>[\/et_pb_text][et_pb_divider divider_weight=&#8220;3px&#8220; disabled_on=&#8220;on|on|off&#8220; _builder_version=&#8220;4.16&#8243; max_width=&#8220;3%&#8220; module_alignment=&#8220;left&#8220; height=&#8220;25px&#8220; global_colors_info=&#8220;{}&#8220;][\/et_pb_divider][et_pb_text _builder_version=&#8220;4.16&#8243; text_font=&#8220;Archivo||||||||&#8220; text_letter_spacing=&#8220;1px&#8220; link_font=&#8220;|700|||on||||&#8220; link_text_color=&#8220;#000000&#8243; header_2_font=&#8220;Raleway|700|||||||&#8220; background_size=&#8220;initial&#8220; background_position=&#8220;top_left&#8220; background_repeat=&#8220;repeat&#8220; text_letter_spacing_tablet=&#8220;&#8220; text_letter_spacing_phone=&#8220;0px&#8220; text_letter_spacing_last_edited=&#8220;on|phone&#8220; use_border_color=&#8220;off&#8220; border_style=&#8220;solid&#8220; global_colors_info=&#8220;{}&#8220;]<\/p>\n<h3>Sadistisch &amp; dominant<\/h3>\n<p><strong>Dominant:<\/strong> Ja, ich bin dominant. Daran geht kein Weg vorbei. Ich bin dominant mit einem gro\u00dfen Interesse daran, wie du denkst, und mit gro\u00dfem Respekt daf\u00fcr, warum du mich aufgesucht hast. Trotzdem, da ist ein tiefliegendes dominantes Bed\u00fcrfnis in mir, das es mag, wenn ein Mann das macht, was ich ihm befehle. Ganz einfach. Das ist aufregend. Machtspielchen mit meinem Gegen\u00fcber und das Austesten m\u00f6glicher Grenzen meinerseits machen mich nicht wirklich an. Dann verliere ich ziemlich schnell die Lust. Solltest du in der Richtung Absichten verfolgen, empfehle ich dir aus deinem eigenen Interesse, such dir eine andere, die das weniger streng sieht.<\/p>\n<p><strong>Sadistisch:<\/strong> Oh ja, ich bin auch sadistisch. Lustschmerz ist mein Favorit. Gleich danach kommt die stille Unterwerfung unter meinen Willen, die dich in einen anderen Bewusstseinszustand bringt. Aber an sich gibt es so viele Arten, Schmerz in einem BDSM-Kontext zu erleben \u2013 da setze ich mir keine Grenzen. Wenn du Schmerz generell aus unserer Session ausschlie\u00dfen willst, dann solltest du mir das vorher deutlich sagen. Wenn du nicht wei\u00dft, wie masochistisch du bist und es ausprobieren m\u00f6chtest, findest du in mir eine kreative Begleiterin, die deine Grenzen akzeptieren wird.     <\/p>\n<p>[\/et_pb_text][et_pb_image src=&#8220;https:\/\/austrian-fraeulein.com\/wp-content\/uploads\/2020\/07\/A0Z2634-1024&#215;683.jpg&#8220; title_text=&#8220;BDSM&#8220; show_in_lightbox=&#8220;on&#8220; disabled_on=&#8220;on|off|off&#8220; _builder_version=&#8220;4.16&#8243; border_width_all=&#8220;23px&#8220; border_color_all=&#8220;#f2f2f2&#8243; global_colors_info=&#8220;{}&#8220;][\/et_pb_image][et_pb_image src=&#8220;https:\/\/austrian-fraeulein.com\/wp-content\/uploads\/2020\/07\/Fraeulein-Eder-breath-reduction-Atemreduktion-4.jpg&#8220; show_in_lightbox=&#8220;on&#8220; disabled_on=&#8220;on|off|off&#8220; _builder_version=&#8220;4.16&#8243; border_width_all=&#8220;23px&#8220; border_color_all=&#8220;#f2f2f2&#8243; global_colors_info=&#8220;{}&#8220;][\/et_pb_image][\/et_pb_column][et_pb_column type=&#8220;1_2&#8243; _builder_version=&#8220;4.16&#8243; background_enable_color=&#8220;off&#8220; custom_padding=&#8220;3%||3%|&#8220; custom_padding_tablet=&#8220;&#8220; custom_padding_phone=&#8220;&#8220; custom_padding_last_edited=&#8220;on|tablet&#8220; global_colors_info=&#8220;{}&#8220; custom_padding__hover=&#8220;|||&#8220;][et_pb_image src=&#8220;https:\/\/austrian-fraeulein.com\/wp-content\/uploads\/2020\/07\/A0Z2121.jpg&#8220; title_text=&#8220;BDSM&#8220; show_in_lightbox=&#8220;on&#8220; _builder_version=&#8220;4.16&#8243; border_width_all=&#8220;23px&#8220; border_color_all=&#8220;#f9f9f9&#8243; global_colors_info=&#8220;{}&#8220;][\/et_pb_image][et_pb_text _builder_version=&#8220;4.16&#8243; text_font=&#8220;Archivo||||||||&#8220; text_letter_spacing=&#8220;1px&#8220; link_font=&#8220;|700|||on||||&#8220; link_text_color=&#8220;#000000&#8243; header_2_font=&#8220;Raleway|700|||||||&#8220; background_size=&#8220;initial&#8220; background_position=&#8220;top_left&#8220; background_repeat=&#8220;repeat&#8220; custom_margin=&#8220;51px|||||&#8220; text_letter_spacing_tablet=&#8220;&#8220; text_letter_spacing_phone=&#8220;0px&#8220; text_letter_spacing_last_edited=&#8220;on|phone&#8220; use_border_color=&#8220;off&#8220; border_style=&#8220;solid&#8220; global_colors_info=&#8220;{}&#8220;]<\/p>\n<h3>Erregen &amp; Verweigern<\/h3>\n<p>Dich hochzubringen, um am Ende zu sehen, wie brav du mich anschaust, wenn es dann wieder bergab geht mit deiner Geilheit, ist eine am\u00fcsante Sache. Mit deiner Erregung zu spielen, ist f\u00fcr mich genauso spannend, wie mit deiner Demut oder deiner Schmerzbereitschaft. Aber ich bin kein Unmensch. Wenn du es m\u00f6chtest, bekommst du auch einen Orgasmus. Ich kann bei solch nebens\u00e4chlichen Dingen auch mal f\u00fcnfe gerade sein lassen.    <\/p>\n<h3>Reden &amp; Schweigen<\/h3>\n<p>Der Spannungsbogen von leisen Befehlen oder Schweigen, wenn ich dir deinen Arsch versohle, kann ziemlich erregend f\u00fcr mich sein. Vielleicht mache ich dir auch ziemlich wortreich deine Situation klar. Aber es w\u00e4re von Vorteil, wenn du auch die kleinen Zwischent\u00f6ne wahrnehmen und in dich aufsaugen k\u00f6nntest. Laute Befehle, Drill, Verh\u00f6re haben f\u00fcr mich ihren ganz eigenen Reiz. Wenn du so etwas m\u00f6chtest, solltest du jedoch nicht verwundert sein, wenn ich dabei immer ein wenig sp\u00f6ttisch die Mundwinkel nach oben nehme.  <\/p>\n<h3>Erniedrigen<\/h3>\n<p>Klar k\u00f6nnte ich jetzt schreiben, was f\u00fcr ein unw\u00fcrdiger Wurm du bist. Was f\u00fcr ein Versager. Aber das muss an dieser Stelle dann doch nicht sein. Erstens kannst du es dir sowieso denken. Und zweitens mache ich dir solche Sachen lieber von Angesicht zu Angesicht bewusst. Immer und immer wieder. Und das auch ohne Worte.      <\/p>\n<p>[\/et_pb_text][et_pb_image src=&#8220;https:\/\/austrian-fraeulein.com\/wp-content\/uploads\/2020\/07\/A0Z2634-1024&#215;683.jpg&#8220; title_text=&#8220;BDSM&#8220; disabled_on=&#8220;off|off|on&#8220; _builder_version=&#8220;4.16&#8243; border_width_all=&#8220;23px&#8220; border_color_all=&#8220;#f2f2f2&#8243; global_colors_info=&#8220;{}&#8220;][\/et_pb_image][et_pb_image src=&#8220;https:\/\/austrian-fraeulein.com\/wp-content\/uploads\/2020\/07\/Fraeulein-Eder-breath-reduction-Atemreduktion-4.jpg&#8220; disabled_on=&#8220;off|off|on&#8220; _builder_version=&#8220;4.16&#8243; border_width_all=&#8220;23px&#8220; border_color_all=&#8220;#f2f2f2&#8243; global_colors_info=&#8220;{}&#8220;][\/et_pb_image][\/et_pb_column][\/et_pb_row][\/et_pb_section]<\/p>\n","protected":false},"excerpt":{"rendered":"<p>Austrian Fr\u00e4uleinWeibliche Dominanz in Wien, \u00d6sterreichWillkommen bei The Austrian Fr\u00e4ulein. Willkommen bei The Austrian Fr\u00e4ulein. Sch\u00f6n, dass du da bist. Wer ich bin? Nenn mich einfach Fr\u00e4ulein. Oder \u201cHerrin\u201d, falls dir das besser gef\u00e4llt. Damit wei\u00dft du jetzt eigentlich schon, worum es zwischen uns beiden gehen kann. Richtig, zwischen uns kann es um Macht und [&hellip;]<\/p>\n","protected":false},"author":2,"featured_media":0,"parent":0,"menu_order":0,"comment_status":"closed","ping_status":"closed","template":"","meta":{"_et_pb_use_builder":"on","_et_pb_old_content":"","_et_gb_content_width":"","footnotes":""},"class_list":["post-1320","page","type-page","status-publish","hentry"],"_links":{"self":[{"href":"https:\/\/austrian-fraeulein.com\/de\/wp-json\/wp\/v2\/pages\/1320","targetHints":{"allow":["GET"]}}],"collection":[{"href":"https:\/\/austrian-fraeulein.com\/de\/wp-json\/wp\/v2\/pages"}],"about":[{"href":"https:\/\/austrian-fraeulein.com\/de\/wp-json\/wp\/v2\/types\/page"}],"author":[{"embeddable":true,"href":"https:\/\/austrian-fraeulein.com\/de\/wp-json\/wp\/v2\/users\/2"}],"replies":[{"embeddable":true,"href":"https:\/\/austrian-fraeulein.com\/de\/wp-json\/wp\/v2\/comments?post=1320"}],"version-history":[{"count":21,"href":"https:\/\/austrian-fraeulein.com\/de\/wp-json\/wp\/v2\/pages\/1320\/revisions"}],"predecessor-version":[{"id":1956,"href":"https:\/\/austrian-fraeulein.com\/de\/wp-json\/wp\/v2\/pages\/1320\/revisions\/1956"}],"wp:attachment":[{"href":"https:\/\/austrian-fraeulein.com\/de\/wp-json\/wp\/v2\/media?parent=1320"}],"curies":[{"name":"wp","href":"https:\/\/api.w.org\/{rel}","templated":true}]}}