{"id":1335,"date":"2020-07-27T16:21:02","date_gmt":"2020-07-27T14:21:02","guid":{"rendered":"https:\/\/austrian-fraeulein.com\/wien\/"},"modified":"2021-11-03T00:15:17","modified_gmt":"2021-11-02T23:15:17","slug":"wien","status":"publish","type":"page","link":"https:\/\/austrian-fraeulein.com\/de\/wien\/","title":{"rendered":"Wien"},"content":{"rendered":"<p>[et_pb_section fb_built=&#8220;1&#8243; fullwidth=&#8220;on&#8220; _builder_version=&#8220;4.4.2&#8243; background_enable_image=&#8220;off&#8220; background_enable_video_mp4=&#8220;off&#8220; background_enable_video_webm=&#8220;off&#8220; custom_padding=&#8220;0%||0%|||&#8220; custom_padding_tablet=&#8220;10%||10%|&#8220; transparent_background=&#8220;off&#8220; padding_mobile=&#8220;on&#8220;][et_pb_fullwidth_header text_orientation=&#8220;center&#8220; title_font_color=&#8220;#ffffff&#8220; subhead_font_color=&#8220;#ffffff&#8220; _builder_version=&#8220;4.5.0&#8243; title_font=&#8220;Playfair Display||||&#8220; title_text_color=&#8220;#ffffff&#8220; title_font_size=&#8220;90px&#8220; content_font=&#8220;Playfair Display||||||||&#8220; content_font_size=&#8220;90px&#8220; content_line_height=&#8220;1em&#8220; subhead_font=&#8220;Lato|||on|&#8220; subhead_text_color=&#8220;#ffffff&#8220; subhead_font_size=&#8220;14px&#8220; background_enable_color=&#8220;off&#8220; background_image=&#8220;https:\/\/austrian-fraeulein.com\/wp-content\/uploads\/2020\/07\/vienna-2997032.jpg&#8220; background_repeat=&#8220;repeat&#8220; title_font_size_tablet=&#8220;70px&#8220; title_font_size_phone=&#8220;50px&#8220; title_font_size_last_edited=&#8220;on|phone&#8220; content_font_tablet=&#8220;&#8220; content_font_phone=&#8220;&#8220; content_font_last_edited=&#8220;on|phone&#8220; content_font_size_tablet=&#8220;&#8220; content_font_size_phone=&#8220;38px&#8220; content_font_size_last_edited=&#8220;on|phone&#8220; button_one_text_size__hover_enabled=&#8220;off&#8220; button_two_text_size__hover_enabled=&#8220;off&#8220; button_one_text_color__hover_enabled=&#8220;off&#8220; button_two_text_color__hover_enabled=&#8220;off&#8220; button_one_border_width__hover_enabled=&#8220;off&#8220; button_two_border_width__hover_enabled=&#8220;off&#8220; button_one_border_color__hover_enabled=&#8220;off&#8220; button_two_border_color__hover_enabled=&#8220;off&#8220; button_one_border_radius__hover_enabled=&#8220;off&#8220; button_two_border_radius__hover_enabled=&#8220;off&#8220; button_one_letter_spacing__hover_enabled=&#8220;off&#8220; button_two_letter_spacing__hover_enabled=&#8220;off&#8220; button_one_bg_color__hover_enabled=&#8220;off&#8220; button_two_bg_color__hover_enabled=&#8220;off&#8220;]<\/p>\n<p>Austrian Fr\u00e4ulein<\/p>\n<p>[\/et_pb_fullwidth_header][\/et_pb_section][et_pb_section fb_built=&#8220;1&#8243; _builder_version=&#8220;4.4.2&#8243; background_color=&#8220;#f5f5f5&#8243; background_image=&#8220;https:\/\/austrian-fraeulein.com\/wp-content\/uploads\/2020\/07\/vienna-lace3.jpg&#8220; background_size=&#8220;initial&#8220; background_position=&#8220;center_left&#8220; background_repeat=&#8220;repeat-y&#8220; custom_padding=&#8220;|0px||0px|false|false&#8220; custom_css_main_element=&#8220;border-top: solid #ffffff 20px;&#8220; transparent_background=&#8220;off&#8220;][et_pb_row column_structure=&#8220;1_3,2_3&#8243; padding_mobile=&#8220;on&#8220; column_padding_mobile=&#8220;on&#8220; _builder_version=&#8220;3.25&#8243; background_size=&#8220;initial&#8220; background_position=&#8220;top_left&#8220; background_repeat=&#8220;repeat&#8220;][et_pb_column type=&#8220;1_3&#8243; _builder_version=&#8220;3.25&#8243; custom_padding=&#8220;|||&#8220; custom_padding__hover=&#8220;|||&#8220;][et_pb_image src=&#8220;https:\/\/austrian-fraeulein.com\/wp-content\/uploads\/2020\/07\/IMG_5469-1.jpg&#8220; title_text=&#8220;IMG_5469-1&#8243; show_in_lightbox=&#8220;on&#8220; align_tablet=&#8220;center&#8220; align_phone=&#8220;&#8220; align_last_edited=&#8220;on|desktop&#8220; _builder_version=&#8220;4.5.1&#8243; custom_margin=&#8220;-150px|||&#8220; custom_margin_tablet=&#8220;-150px|||&#8220; custom_margin_phone=&#8220;-150px|||&#8220; custom_margin_last_edited=&#8220;on|phone&#8220; animation_style=&#8220;slide&#8220; animation_direction=&#8220;left&#8220; animation_duration=&#8220;500ms&#8220; animation_intensity_slide=&#8220;10%&#8220; border_width_all=&#8220;20px&#8220; border_color_all=&#8220;#ffffff&#8220; border_style_all=&#8220;solid&#8220; use_border_color=&#8220;on&#8220; border_color=&#8220;#ffffff&#8220; border_width=&#8220;20px&#8220; border_style=&#8220;solid&#8220; sticky=&#8220;off&#8220;][\/et_pb_image][\/et_pb_column][et_pb_column type=&#8220;2_3&#8243; _builder_version=&#8220;3.25&#8243; custom_padding=&#8220;|||&#8220; custom_padding__hover=&#8220;|||&#8220;][et_pb_text admin_label=&#8220;Heading&#8220; _builder_version=&#8220;4.4.2&#8243; text_font=&#8220;Archivo||||||||&#8220; text_letter_spacing=&#8220;1px&#8220; link_font=&#8220;|700|||on||||&#8220; link_text_color=&#8220;#000000&#8243; header_font=&#8220;Playfair Display|700|||||||&#8220; header_text_color=&#8220;rgba(0,0,0,0.16)&#8220; header_font_size=&#8220;32px&#8220; header_2_font=&#8220;Raleway|700|||||||&#8220; header_2_text_color=&#8220;rgba(0,0,0,0.19)&#8220; header_2_font_size=&#8220;32px&#8220; background_size=&#8220;initial&#8220; background_position=&#8220;top_left&#8220; background_repeat=&#8220;repeat&#8220; custom_margin=&#8220;||-27px|||&#8220; custom_padding=&#8220;||39px|||&#8220; text_letter_spacing_tablet=&#8220;&#8220; text_letter_spacing_phone=&#8220;0px&#8220; text_letter_spacing_last_edited=&#8220;on|phone&#8220; use_border_color=&#8220;off&#8220; border_style=&#8220;solid&#8220;]<\/p>\n<h1>Dominanz in Wien, \u00d6sterreich<\/h1>\n<p>[\/et_pb_text][et_pb_text _builder_version=&#8220;4.5.1&#8243; text_font=&#8220;Archivo||||||||&#8220; text_letter_spacing=&#8220;1px&#8220; link_font=&#8220;|700|||on||||&#8220; link_text_color=&#8220;#000000&#8243; header_2_font=&#8220;Playfair Display|700|||||||&#8220; background_size=&#8220;initial&#8220; background_position=&#8220;top_left&#8220; background_repeat=&#8220;repeat&#8220; text_letter_spacing_tablet=&#8220;&#8220; text_letter_spacing_phone=&#8220;0px&#8220; text_letter_spacing_last_edited=&#8220;on|phone&#8220; use_border_color=&#8220;off&#8220; border_style=&#8220;solid&#8220;]<\/p>\n<h2>Wien<\/h2>\n<p>Wien ist mein Zuhause, aber du wei\u00dft ja, wie es ist: Zuhause gibt es viele Ablenkungen und Verpflichtungen. Deshalb bin ich normalerweise nicht kurzfristig oder f\u00fcr nur kurze Treffen zu haben. Also, auch wenn wir vielleicht in derselben Stadt wohnen, solltest du ein Treffen mit mir so behandeln wie ein besonderes und exquisites Arrangement, bei dem du zu deiner Herrin in eine andere Metropole fliegst. [\/et_pb_text][et_pb_text _builder_version=&#8220;4.5.1&#8243; text_font=&#8220;Archivo||||||||&#8220; text_letter_spacing=&#8220;1px&#8220; link_font=&#8220;|700|||on||||&#8220; link_text_color=&#8220;#000000&#8243; header_2_font=&#8220;Playfair Display|700|||||||&#8220; background_size=&#8220;initial&#8220; background_position=&#8220;top_left&#8220; background_repeat=&#8220;repeat&#8220; custom_padding=&#8220;10px|10px|10px|10px|true|true&#8220; text_letter_spacing_tablet=&#8220;&#8220; text_letter_spacing_phone=&#8220;0px&#8220; text_letter_spacing_last_edited=&#8220;on|phone&#8220; border_width_all=&#8220;1px&#8220; use_border_color=&#8220;off&#8220; border_style=&#8220;solid&#8220;]Im Moment beschr\u00e4nke ich mich bei meinen pers\u00f6nlichen Treffen auf nur wenige Auserw\u00e4hlte. Auf diese Weise halte ich das Infektionsrisiko f\u00fcr diese und mich selbst gering \u2013 auch das entspricht meinem Zugang zu Umsicht und Verantwortung im BDSM. [\/et_pb_text][et_pb_text _builder_version=&#8220;4.5.1&#8243; text_font=&#8220;Archivo||||||||&#8220; text_letter_spacing=&#8220;1px&#8220; link_font=&#8220;|700|||on||||&#8220; link_text_color=&#8220;#000000&#8243; header_2_font=&#8220;Playfair Display|700|||||||&#8220; background_size=&#8220;initial&#8220; background_position=&#8220;top_left&#8220; background_repeat=&#8220;repeat&#8220; text_letter_spacing_tablet=&#8220;&#8220; text_letter_spacing_phone=&#8220;0px&#8220; text_letter_spacing_last_edited=&#8220;on|phone&#8220; use_border_color=&#8220;off&#8220; border_style=&#8220;solid&#8220;]<\/p>\n<p>Aber es werden bessere Zeiten kommen und ich werde wieder auf neue Gesichter neugierig sein. Du darfst mich gerne jetzt schon kontaktieren, aber gehe nicht davon aus, dass wir uns in der n\u00e4chsten Zeit treffen k\u00f6nnen. <\/p>\n<p><strong>So wird es mit Treffen in Wien aussehen:<\/strong><\/p>\n<p>Treffen sind ab ein paar Stunden m\u00f6glich. In der vereinbarten Zeit k\u00f6nnen wir uns zu Beginn auf ein Getr\u00e4nk treffen oder haben ein Vorgespr\u00e4ch in unserer Location, bevor wir f\u00fcr eine l\u00e4ngere Periode in den Sessionmodus wechseln. Am Ende kommen wir langsam wieder in der Welt da drau\u00dfen an. Drei Stunden Zusammensein w\u00fcrden zum Beispiel, ohne Location- und andere Kosten, 480 Euro kosten. Wir sind wohl beide auch mit k\u00fcrzeren Sessions vertraut (und an diesen ist \u00fcberhaupt nichts auszusetzen), aber wie die Dinge liegen, m\u00fcssen wir unsere Treffen als seltene und wertvolle Begehrlichkeiten behandeln, von denen wir noch lange zehren k\u00f6nnen.   <\/p>\n<p>Ich kann dich in einem anst\u00e4ndigen Hotelzimmer in oder um das Stadtzentrum treffen, oder dich bei der Buchung eines ruhigen, ger\u00e4umigen Studios helfen. Nat\u00fcrlich k\u00f6nnen wir uns auch zun\u00e4chst zu einem Getr\u00e4nk oder Essen woanders treffen, um uns aufeinander einzustimmen. In allen diesen F\u00e4llen tr\u00e4gst du die Location- und Bewirtungskosten.  <\/p>\n<p>[\/et_pb_text][\/et_pb_column][\/et_pb_row][\/et_pb_section]<\/p>\n","protected":false},"excerpt":{"rendered":"<p>Austrian Fr\u00e4uleinDominanz in Wien, \u00d6sterreichWien Wien ist mein Zuhause, aber du wei\u00dft ja, wie es ist: Zuhause gibt es viele Ablenkungen und Verpflichtungen. Deshalb bin ich normalerweise nicht kurzfristig oder f\u00fcr nur kurze Treffen zu haben. Also, auch wenn wir vielleicht in derselben Stadt wohnen, solltest du ein Treffen mit mir so behandeln wie ein [&hellip;]<\/p>\n","protected":false},"author":1,"featured_media":0,"parent":0,"menu_order":0,"comment_status":"closed","ping_status":"closed","template":"","meta":{"_et_pb_use_builder":"on","_et_pb_old_content":"","_et_gb_content_width":"","footnotes":""},"class_list":["post-1335","page","type-page","status-publish","hentry"],"_links":{"self":[{"href":"https:\/\/austrian-fraeulein.com\/de\/wp-json\/wp\/v2\/pages\/1335","targetHints":{"allow":["GET"]}}],"collection":[{"href":"https:\/\/austrian-fraeulein.com\/de\/wp-json\/wp\/v2\/pages"}],"about":[{"href":"https:\/\/austrian-fraeulein.com\/de\/wp-json\/wp\/v2\/types\/page"}],"author":[{"embeddable":true,"href":"https:\/\/austrian-fraeulein.com\/de\/wp-json\/wp\/v2\/users\/1"}],"replies":[{"embeddable":true,"href":"https:\/\/austrian-fraeulein.com\/de\/wp-json\/wp\/v2\/comments?post=1335"}],"version-history":[{"count":6,"href":"https:\/\/austrian-fraeulein.com\/de\/wp-json\/wp\/v2\/pages\/1335\/revisions"}],"predecessor-version":[{"id":1881,"href":"https:\/\/austrian-fraeulein.com\/de\/wp-json\/wp\/v2\/pages\/1335\/revisions\/1881"}],"wp:attachment":[{"href":"https:\/\/austrian-fraeulein.com\/de\/wp-json\/wp\/v2\/media?parent=1335"}],"curies":[{"name":"wp","href":"https:\/\/api.w.org\/{rel}","templated":true}]}}